{"id":1870,"date":"2019-08-10T10:02:18","date_gmt":"2019-08-10T10:02:18","guid":{"rendered":"https:\/\/business-simplify.ro\/?page_id=1870"},"modified":"2023-10-17T12:12:13","modified_gmt":"2023-10-17T12:12:13","slug":"servicii-copywriting","status":"publish","type":"page","link":"https:\/\/business-simplify.ro\/es\/servicii-copywriting\/","title":{"rendered":"Servicios de redacci\u00f3n"},"content":{"rendered":"<p><div class=\"fusion-fullwidth fullwidth-box fusion-builder-row-1 fusion-flex-container has-pattern-background has-mask-background hundred-percent-fullwidth non-hundred-percent-height-scrolling\" style=\"--awb-border-radius-top-left:0px;--awb-border-radius-top-right:0px;--awb-border-radius-bottom-right:0px;--awb-border-radius-bottom-left:0px;--awb-flex-wrap:wrap;\" ><div class=\"fusion-builder-row fusion-row fusion-flex-align-items-stretch fusion-flex-justify-content-center fusion-flex-content-wrap\" style=\"width:104% !important;max-width:104% !important;margin-left: calc(-4% \/ 2 );margin-right: calc(-4% \/ 2 );\"><div class=\"fusion-layout-column fusion_builder_column fusion-builder-column-0 fusion_builder_column_1_2 1_2 fusion-flex-column\" style=\"--awb-bg-size:cover;--awb-width-large:50%;--awb-margin-top-large:0px;--awb-spacing-right-large:3.84%;--awb-margin-bottom-large:0px;--awb-spacing-left-large:3.84%;--awb-width-medium:100%;--awb-spacing-right-medium:1.92%;--awb-spacing-left-medium:1.92%;--awb-width-small:100%;--awb-spacing-right-small:1.92%;--awb-spacing-left-small:1.92%;\"><div class=\"fusion-column-wrapper fusion-column-has-shadow fusion-flex-justify-content-center fusion-content-layout-column\"><div class=\"fusion-text fusion-text-1\"><h1>Servicios de redacci\u00f3n publicitaria: Palabras que venden, ofrecidos por Business Simplify<\/h1>\n<p>En el mundo digital, las palabras tienen el poder de convertir a visitantes normales en clientes fieles. En Business Simplify, ofrecemos servicios de copywriting premium adaptados a cualquier plataforma y tipo de campa\u00f1a, ya sea de email marketing, marketing de producto, prelanzamientos, campa\u00f1as de fidelizaci\u00f3n o contenido para redes sociales. Pero, \u00bfpor qu\u00e9 la redacci\u00f3n es tan esencial para tu \u00e9xito online? Averig\u00fc\u00e9moslo.<\/p>\n<\/div><\/div><\/div><div class=\"fusion-layout-column fusion_builder_column fusion-builder-column-1 fusion_builder_column_1_2 1_2 fusion-flex-column\" style=\"--awb-bg-size:cover;--awb-width-large:50%;--awb-margin-top-large:0px;--awb-spacing-right-large:3.84%;--awb-margin-bottom-large:0px;--awb-spacing-left-large:3.84%;--awb-width-medium:100%;--awb-spacing-right-medium:1.92%;--awb-spacing-left-medium:1.92%;--awb-width-small:100%;--awb-spacing-right-small:1.92%;--awb-spacing-left-small:1.92%;\"><div class=\"fusion-column-wrapper fusion-column-has-shadow fusion-flex-justify-content-center fusion-content-layout-column\"><div class=\"fusion-image-element\" style=\"text-align:center;--awb-caption-title-font-family:var(--h2_typography-font-family);--awb-caption-title-font-weight:var(--h2_typography-font-weight);--awb-caption-title-font-style:var(--h2_typography-font-style);--awb-caption-title-size:var(--h2_typography-font-size);--awb-caption-title-transform:var(--h2_typography-text-transform);--awb-caption-title-line-height:var(--h2_typography-line-height);--awb-caption-title-letter-spacing:var(--h2_typography-letter-spacing);\"><span class=\"fusion-imageframe imageframe-none imageframe-1 hover-type-none\"><img decoding=\"async\" width=\"2000\" height=\"1428\" alt=\"servicii copywrite\" title=\"servicios de redacci\u00f3n\" src=\"data:image\/svg+xml,%3Csvg%20xmlns%3D%27http%3A%2F%2Fwww.w3.org%2F2000%2Fsvg%27%20width%3D%272000%27%20height%3D%271428%27%20viewBox%3D%270%200%202000%201428%27%3E%3Crect%20width%3D%272000%27%20height%3D%271428%27%20fill-opacity%3D%220%22%2F%3E%3C%2Fsvg%3E\" data-orig-src=\"https:\/\/business-simplify.ro\/wp-content\/uploads\/2019\/08\/Dh1TtufWAAIvmyK.jpg\" class=\"lazyload img-responsive wp-image-1871\"\/><\/span><\/div><\/div><\/div><div class=\"fusion-layout-column fusion_builder_column fusion-builder-column-2 fusion_builder_column_1_2 1_2 fusion-flex-column\" style=\"--awb-bg-size:cover;--awb-width-large:50%;--awb-margin-top-large:5%;--awb-spacing-right-large:3.84%;--awb-margin-bottom-large:0px;--awb-spacing-left-large:3.84%;--awb-width-medium:100%;--awb-order-medium:0;--awb-spacing-right-medium:1.92%;--awb-spacing-left-medium:1.92%;--awb-width-small:100%;--awb-order-small:0;--awb-spacing-right-small:1.92%;--awb-spacing-left-small:1.92%;\" data-scroll-devices=\"small-visibility,medium-visibility,large-visibility\"><div class=\"fusion-column-wrapper fusion-column-has-shadow fusion-flex-justify-content-center fusion-content-layout-column\"><div class=\"fusion-text fusion-text-2\" style=\"--awb-content-alignment:center;\"><h2>\u00bfPor qu\u00e9 necesita servicios de redacci\u00f3n publicitaria?<\/h2>\n<h3>Conversiones m\u00e1s grandes<\/h3>\n<p>Un texto bien escrito no s\u00f3lo informa, sino que tambi\u00e9n convence. Con nuestros servicios de copywriting, ver\u00e1 aumentar significativamente su tasa de conversi\u00f3n.<\/p>\n<h3>Mensaje claro y convincente<\/h3>\n<p>Un mensaje claro y bien estructurado es esencial para atraer y retener la atenci\u00f3n de su p\u00fablico objetivo.<\/p>\n<h3>Versatilidad y adaptabilidad<\/h3>\n<p>Tanto si necesita textos para marketing por correo electr\u00f3nico, campa\u00f1as de fidelizaci\u00f3n o contenidos para redes sociales, la redacci\u00f3n publicitaria de calidad se adapta a sus necesidades.<\/p>\n<h2>Nuestros servicios premium de redacci\u00f3n<\/h2>\n<h3>Textos personalizados<\/h3>\n<p>Comprendemos las particularidades de cada empresa y proporcionamos textos personalizados que satisfacen sus necesidades espec\u00edficas.<\/p>\n<h3>Experiencia diversificada<\/h3>\n<p>Desde el marketing por correo electr\u00f3nico hasta las campa\u00f1as de fidelizaci\u00f3n, tenemos la experiencia necesaria para abordar cualquier tipo de campa\u00f1a.<\/p>\n<h3>Supervisi\u00f3n y optimizaci\u00f3n<\/h3>\n<p>Analizamos el rendimiento de sus textos y realizamos los ajustes necesarios para garantizar que su mensaje llegue a su p\u00fablico objetivo de la manera m\u00e1s eficaz posible.<\/p>\n<h2>Conclusi\u00f3n<\/h2>\n<p>La redacci\u00f3n publicitaria no es s\u00f3lo un arte, sino tambi\u00e9n una ciencia. Con nuestros servicios premium, tendr\u00e1 acceso a textos que no s\u00f3lo atraen, sino que tambi\u00e9n convierten. P\u00f3ngase en contacto con nosotros para obtener m\u00e1s informaci\u00f3n.<\/p>\n<\/div><\/div><\/div><\/div><\/div><div class=\"fusion-fullwidth fullwidth-box fusion-builder-row-2 fusion-flex-container nonhundred-percent-fullwidth non-hundred-percent-height-scrolling\" style=\"--awb-background-position:left top;--awb-border-sizes-top:0px;--awb-border-sizes-bottom:0px;--awb-border-sizes-left:0px;--awb-border-sizes-right:0px;--awb-border-radius-top-left:0px;--awb-border-radius-top-right:0px;--awb-border-radius-bottom-right:0px;--awb-border-radius-bottom-left:0px;--awb-padding-top:0px;--awb-padding-bottom:3%;--awb-flex-wrap:wrap;\" id=\"contact\" ><div class=\"fusion-builder-row fusion-row fusion-flex-align-items-flex-start fusion-flex-content-wrap\" style=\"max-width:1216.8px;margin-left: calc(-4% \/ 2 );margin-right: calc(-4% \/ 2 );\"><div class=\"fusion-layout-column fusion_builder_column fusion-builder-column-3 fusion_builder_column_1_1 1_1 fusion-flex-column\" style=\"--awb-bg-size:cover;--awb-width-large:100%;--awb-margin-top-large:0px;--awb-spacing-right-large:1.92%;--awb-margin-bottom-large:0px;--awb-spacing-left-large:1.92%;--awb-width-medium:100%;--awb-order-medium:0;--awb-spacing-right-medium:1.92%;--awb-spacing-left-medium:1.92%;--awb-width-small:100%;--awb-order-small:0;--awb-spacing-right-small:1.92%;--awb-spacing-left-small:1.92%;\"><div class=\"fusion-column-wrapper fusion-column-has-shadow fusion-flex-justify-content-flex-start fusion-content-layout-column\"><div class=\"fusion-form fusion-form-builder fusion-form-form-wrapper fusion-form-713\" style=\"--awb-tooltip-text-color:#ffffff;--awb-tooltip-background-color:#333333;\" data-form-id=\"713\" data-config=\"{&quot;form_id&quot;:&quot;713&quot;,&quot;form_post_id&quot;:&quot;713&quot;,&quot;post_id&quot;:1870,&quot;form_type&quot;:&quot;ajax&quot;,&quot;confirmation_type&quot;:&quot;message&quot;,&quot;redirect_url&quot;:&quot;&quot;,&quot;redirect_timeout&quot;:&quot;0&quot;,&quot;field_labels&quot;:{&quot;nume&quot;:&quot;&quot;,&quot;email&quot;:&quot;&quot;,&quot;subject&quot;:&quot;&quot;,&quot;message&quot;:&quot;&quot;},&quot;field_logics&quot;:{&quot;nume&quot;:&quot;&quot;,&quot;email&quot;:&quot;&quot;,&quot;subject&quot;:&quot;&quot;,&quot;message&quot;:&quot;&quot;,&quot;submit_1&quot;:&quot;&quot;,&quot;notice_1&quot;:&quot;&quot;},&quot;field_types&quot;:{&quot;nume&quot;:&quot;text&quot;,&quot;email&quot;:&quot;email&quot;,&quot;subject&quot;:&quot;text&quot;,&quot;message&quot;:&quot;textarea&quot;,&quot;submit_1&quot;:&quot;submit&quot;,&quot;notice_1&quot;:&quot;notice&quot;},&quot;nonce_method&quot;:&quot;ajax&quot;,&quot;form_views&quot;:&quot;ajax&quot;,&quot;form_views_counting&quot;:&quot;all&quot;}\"><form action=\"https:\/\/business-simplify.ro\/es\/servicii-copywriting\/\" method=\"post\" class=\"fusion-form fusion-form-713\" data-trp-original-action=\"https:\/\/business-simplify.ro\/es\/servicii-copywriting\/\"><div class=\"fusion-fullwidth fullwidth-box fusion-builder-row-2-1 fusion-flex-container nonhundred-percent-fullwidth non-hundred-percent-height-scrolling\" style=\"--awb-border-radius-top-left:0px;--awb-border-radius-top-right:0px;--awb-border-radius-bottom-right:0px;--awb-border-radius-bottom-left:0px;--awb-padding-right:0px;--awb-padding-left:0px;--awb-flex-wrap:wrap;\" ><div class=\"fusion-builder-row fusion-row fusion-flex-align-items-flex-start fusion-flex-content-wrap\" style=\"width:104% !important;max-width:104% !important;margin-left: calc(-4% \/ 2 );margin-right: calc(-4% \/ 2 );\"><div class=\"fusion-layout-column fusion_builder_column fusion-builder-column-4 fusion_builder_column_1_1 1_1 fusion-flex-column\" style=\"--awb-bg-size:cover;--awb-width-large:100%;--awb-flex-grow:0;--awb-flex-shrink:0;--awb-margin-top-large:0px;--awb-spacing-right-large:1.92%;--awb-margin-bottom-large:0px;--awb-spacing-left-large:1.92%;--awb-width-medium:100%;--awb-order-medium:0;--awb-flex-grow-medium:0;--awb-flex-shrink-medium:0;--awb-spacing-right-medium:1.92%;--awb-spacing-left-medium:1.92%;--awb-width-small:100%;--awb-order-small:0;--awb-flex-grow-small:0;--awb-flex-shrink-small:0;--awb-spacing-right-small:1.92%;--awb-spacing-left-small:1.92%;\"><div class=\"fusion-column-wrapper fusion-column-has-shadow fusion-flex-justify-content-flex-start fusion-content-layout-column\"><div class=\"fusion-form-field fusion-form-text-field fusion-form-label-above\" style=\"\" data-form-id=\"713\"><input type=\"text\" autocomplete=\"off\" name=\"nume\" id=\"nume\" value=\"\"  class=\"fusion-form-input\" required=\"true\" aria-required=\"true\" placeholder=\"Nombre *\" data-holds-private-data=\"false\" minlength=\"0\"\/><\/div><div class=\"fusion-form-field fusion-form-email-field fusion-form-label-above\" style=\"\" data-form-id=\"713\"><input type=\"email\" autocomplete=\"off\" name=\"email\" id=\"email\" value=\"\"  class=\"fusion-form-input\" required=\"true\" aria-required=\"true\" placeholder=\"Correo electr\u00f3nico *\" data-holds-private-data=\"false\"\/><\/div><div class=\"fusion-form-field fusion-form-text-field fusion-form-label-above\" style=\"\" data-form-id=\"713\"><input type=\"text\" autocomplete=\"off\" name=\"subject\" id=\"subject\" value=\"\"  class=\"fusion-form-input\" required=\"true\" aria-required=\"true\" placeholder=\"\u00bfC\u00f3mo podemos ayudarle? *\" data-holds-private-data=\"false\" minlength=\"0\"\/><\/div><div class=\"fusion-form-field fusion-form-textarea-field fusion-form-label-above\" style=\"\" data-form-id=\"713\"><textarea cols=\"40\" autocomplete=\"off\"  minlength=\"0\"  rows=\"4\" tabindex=\"\" id=\"message\" name=\"message\" class=\"fusion-form-input\" required=\"true\" aria-required=\"true\" placeholder=\"Mensaje *\" data-holds-private-data=\"false\"><\/textarea><\/div><div class=\"fusion-form-field fusion-form-submit-field fusion-form-label-above\" style=\"\" data-form-id=\"713\"><div ><button type=\"submit\" class=\"fusion-button button-flat fusion-button-default-size button-default fusion-button-default button-1 fusion-button-default-span  button-default form-form-submit\" style=\"--button_margin-bottom:30px;\" data-form-number=\"713\" tabindex=\"\"><span class=\"fusion-button-text awb-button__text awb-button__text--default\">ENVIAR<\/span><\/button><\/div><\/div><div class=\"form-submission-notices data-notice_1\" id=\"fusion-notices-1\" data-instance=\"1\"><div class=\"fusion-alert alert success alert-success fusion-alert-center fusion-form-response fusion-form-response-success fusion-alert-capitalize awb-alert-native-link-color alert-dismissable awb-alert-close-boxed\" role=\"alert\"><div class=\"fusion-alert-content-wrapper\"><span class=\"alert-icon\"><i class=\"awb-icon-check-circle\" aria-hidden=\"true\"><\/i><\/span><span class=\"fusion-alert-content\">Gracias por su mensaje. Se ha enviado.<\/span><\/div><button type=\"button\" class=\"close toggle-alert\" data-dismiss=\"alert\" aria-label=\"Cerrar\">\u00d7<\/button><\/div><div class=\"fusion-alert alert error alert-danger fusion-alert-center fusion-form-response fusion-form-response-error fusion-alert-capitalize awb-alert-native-link-color alert-dismissable awb-alert-close-boxed\" role=\"alert\"><div class=\"fusion-alert-content-wrapper\"><span class=\"alert-icon\"><i class=\"awb-icon-exclamation-triangle\" aria-hidden=\"true\"><\/i><\/span><span class=\"fusion-alert-content\">Se ha producido un error al intentar enviar su mensaje. Vuelva a intentarlo m\u00e1s tarde.<\/span><\/div><button type=\"button\" class=\"close toggle-alert\" data-dismiss=\"alert\" aria-label=\"Cerrar\">\u00d7<\/button><\/div><\/div><\/div><\/div><\/div><\/div><input type=\"hidden\" name=\"fusion_privacy_expiration_interval\" value=\"48\"><input type=\"hidden\" name=\"privacy_expiration_action\" value=\"anonymize\"><input type=\"hidden\" name=\"trp-form-language\" value=\"es\"\/><\/form><\/div><\/div><\/div><\/div><\/div>\n<\/p>","protected":false},"excerpt":{"rendered":"","protected":false},"author":1,"featured_media":0,"parent":0,"menu_order":0,"comment_status":"closed","ping_status":"closed","template":"100-width.php","meta":{"footnotes":""},"class_list":["post-1870","page","type-page","status-publish","hentry"],"_links":{"self":[{"href":"https:\/\/business-simplify.ro\/es\/wp-json\/wp\/v2\/pages\/1870","targetHints":{"allow":["GET"]}}],"collection":[{"href":"https:\/\/business-simplify.ro\/es\/wp-json\/wp\/v2\/pages"}],"about":[{"href":"https:\/\/business-simplify.ro\/es\/wp-json\/wp\/v2\/types\/page"}],"author":[{"embeddable":true,"href":"https:\/\/business-simplify.ro\/es\/wp-json\/wp\/v2\/users\/1"}],"replies":[{"embeddable":true,"href":"https:\/\/business-simplify.ro\/es\/wp-json\/wp\/v2\/comments?post=1870"}],"version-history":[{"count":8,"href":"https:\/\/business-simplify.ro\/es\/wp-json\/wp\/v2\/pages\/1870\/revisions"}],"predecessor-version":[{"id":2858,"href":"https:\/\/business-simplify.ro\/es\/wp-json\/wp\/v2\/pages\/1870\/revisions\/2858"}],"wp:attachment":[{"href":"https:\/\/business-simplify.ro\/es\/wp-json\/wp\/v2\/media?parent=1870"}],"curies":[{"name":"wp","href":"https:\/\/api.w.org\/{rel}","templated":true}]}}